{"id":67,"date":"2011-06-16T14:11:30","date_gmt":"2011-06-16T12:11:30","guid":{"rendered":"http:\/\/fotographem.de\/?page_id=67"},"modified":"2011-06-17T14:08:29","modified_gmt":"2011-06-17T12:08:29","slug":"die-sicht-der-dinge","status":"publish","type":"page","link":"https:\/\/fotographem.de\/?page_id=67","title":{"rendered":"Die Sicht der Dinge"},"content":{"rendered":"<p>\u00a0<\/p>\n<p>F\u00fcnf Lochkamerainstallationen aus der Serie <strong>Die Sicht der Dinge.<br \/>\n<\/strong>Die Serie \u201eDie Sicht der Dinge\u201c geht der Frage nach, was die Gegenst\u00e4nde, die uns umgeben von ihrer Umgebung \u201eerkennen\u201c k\u00f6nnen: Was \u201esieht\u201c eine Bierdose, wenn sie auf den Trinkenden trifft? Was nimmt eine Kaffeekanne, die ihrem Kaffeefilter begegnet auf und wie sieht dieser Filter die Kanne ? Was k\u00f6nnen Fr\u00fchst\u00fccksei, Salzstreuer, Steckdose, Lochzange, Schl\u00fcsselloch und das zu einer Schachtel gefaltete Fotopapier mit ihren eigenen oder manipulierten Lochblenden uns von ihrer Umgebung mitteilen?<br \/>\nWie wir ja immer schon vermutet haben, sind es nicht nur wir, die einen Blick auf Dinge und Gegenst\u00e4nde der Umgebung werfen k\u00f6nnen: Die Dinge selbst betrachten ihr Umfeld und\u00a0machen sich ein mehr oder weniger scharfes Bild von uns und ihrer Umwelt.<\/p>\n<p>Wenn wir ihre Bilder, ihre Sicht der anderen Dinge, die in ihren Hohlr\u00e4umen entstehen, verstehen wollen, m\u00fcssen wir ihnen nur ein klein wenig mit fotografischem Material behilflich sein: Film, Fotopapier, Metallfolien und chemische Prozesse lassen uns dann teilhaben an der eigenen Sicht der Dinge.<\/p>\n<hr \/>\n<p style=\"text-align: left;\">ngg_shortcode_0_placeholderDie <strong>Origami- Elements\u00a0<\/strong>( zwei Blatt Fotopapier, r\u00fcckseitig eingef\u00e4rbt, gefaltet und belichtet, 15x15x15cm L\/B\/H, zwei Lochblenden in Boden und Deckel)ist die einfachste Kamera der Welt, denn sie l\u00e4sst die fotografischen Tr\u00e4gerschichten selbst zur Kamera, zur Schachtel, werden. Weitere \u201eFaltk\u00fcnste\u201c (Papierflieger und Papierschiffchen) bildet sie auf ihren Innenw\u00e4nden ab.<\/p>\n<hr \/>\nngg_shortcode_1_placeholder\n<p>Der <strong>Besuch aus Finnland<\/strong> ( Bierdose und Textilklebeband mit s\/w-Foto, 30 x 40 x 15 cm L\/B\/H, eine Lochblende mit rotem Verschluss ) zeigt ein Bild der Gummimaske der \u201eLeningradcowboys\u201c, einer finnischen Kultband, sowie die passende Bierdose, die jene augenlose H\u00fclle festgehalten hat.<\/p>\n<hr \/>\nngg_shortcode_2_placeholder\n<p><strong>Was war zuletzt da, &#8230;?<\/strong> ( leere Eierschale, Edelstahleierbecher, Eierw\u00e4rmer, s\/w- Foto, 40x30x6cm L\/B\/H, eine Lochblende ist das Luftloch im Ei) reflektiert den Anblick eines Huhns, das an einem zu gro\u00dfen Ei gestorben ist, aus der Sicht eines geleerten Fr\u00fchst\u00fcckseis.<\/p>\n<hr \/>\n<p><strong><\/strong><strong>ngg_shortcode_3_placeholder<\/strong><strong>Beim Zeitungslesen erwischt<\/strong> ( Lochzange, Aluminiumfolie, Textilklebeband, s\/w- Foto, 40x60x5cm L\/B\/H, sechs Lochblenden auf den Lochpfeifen) wurde die Lochzange mit sechsperspektivischem und doch eingeschr\u00e4nktem Blick auf die Schlagzeilen einer anspruchsvollen Wochenzeitung.<\/p>\n<hr \/>\nngg_shortcode_4_placeholder\n<p><strong>Fr\u00fchst\u00fcck in der Normannenstra\u00dfe<\/strong> ( Edelstahlkanne, Steingut-Kaffeefilter, schwarze Kunststoffklebefolie, zwei s\/w- Fotos, 45x60x23cm L\/B\/H, drei Lochblenden im Kaffeefilter, eine im Kannendeckel ) zeigt, wie sich in einer ganz normalen Fr\u00fchst\u00fcckssituation die Dinge gegenseitig be\u00e4ugen und observieren. Die unterschiedliche Wahrnehmung basiert dabei nicht nur auf den verschiedenen Perspektiven, sondern auch auf der Drei\u00e4ugigkeit des Kaffeefilters im Gegensatz zur einen Aufnahme\u00f6ffnung, die dem Fehlen des Griffknaufs am Kannendeckel zu verdanken ist.<\/p>\n","protected":false},"excerpt":{"rendered":"<p>\u00a0 F\u00fcnf Lochkamerainstallationen aus der Serie Die Sicht der Dinge. Die Serie \u201eDie Sicht der Dinge\u201c geht der Frage nach, was die Gegenst\u00e4nde, die uns umgeben von ihrer Umgebung \u201eerkennen\u201c k\u00f6nnen: Was \u201esieht\u201c eine Bierdose, wenn sie auf den Trinkenden trifft? Was nimmt eine Kaffeekanne, die ihrem Kaffeefilter begegnet auf und wie sieht dieser Filter [&hellip;]<\/p>\n","protected":false},"author":2,"featured_media":0,"parent":65,"menu_order":0,"comment_status":"closed","ping_status":"closed","template":"","meta":{"ngg_post_thumbnail":0,"footnotes":""},"class_list":["post-67","page","type-page","status-publish","hentry"],"_links":{"self":[{"href":"https:\/\/fotographem.de\/index.php?rest_route=\/wp\/v2\/pages\/67","targetHints":{"allow":["GET"]}}],"collection":[{"href":"https:\/\/fotographem.de\/index.php?rest_route=\/wp\/v2\/pages"}],"about":[{"href":"https:\/\/fotographem.de\/index.php?rest_route=\/wp\/v2\/types\/page"}],"author":[{"embeddable":true,"href":"https:\/\/fotographem.de\/index.php?rest_route=\/wp\/v2\/users\/2"}],"replies":[{"embeddable":true,"href":"https:\/\/fotographem.de\/index.php?rest_route=%2Fwp%2Fv2%2Fcomments&post=67"}],"version-history":[{"count":26,"href":"https:\/\/fotographem.de\/index.php?rest_route=\/wp\/v2\/pages\/67\/revisions"}],"predecessor-version":[{"id":95,"href":"https:\/\/fotographem.de\/index.php?rest_route=\/wp\/v2\/pages\/67\/revisions\/95"}],"up":[{"embeddable":true,"href":"https:\/\/fotographem.de\/index.php?rest_route=\/wp\/v2\/pages\/65"}],"wp:attachment":[{"href":"https:\/\/fotographem.de\/index.php?rest_route=%2Fwp%2Fv2%2Fmedia&parent=67"}],"curies":[{"name":"wp","href":"https:\/\/api.w.org\/{rel}","templated":true}]}}