{"id":53,"date":"2011-06-16T11:34:10","date_gmt":"2011-06-16T09:34:10","guid":{"rendered":"http:\/\/fotographem.de\/?page_id=53"},"modified":"2023-07-10T19:09:09","modified_gmt":"2023-07-10T17:09:09","slug":"graphem","status":"publish","type":"page","link":"https:\/\/fotographem.de\/?page_id=53","title":{"rendered":"Graphem"},"content":{"rendered":"ngg_shortcode_0_placeholder\n<p>&nbsp;<\/p>\n<p>Fotografien von meinem Arbeitsplatz:<br \/>\nDrei\u00dfig Jahre Werkspuren von Sch\u00fclern auf Kunstarbeitstischen.<\/p>\n<p>Versehentliches Abrutschen und Durcharbeiten,<br \/>\nabsichtliche Materialtests und<br \/>\ngenussvolles Nachziehen und Vertiefen.<br \/>\nSchwungvolles Anecken beim Tischer\u00fccken<br \/>\nund oberfl\u00e4chengebremstes Ablegen der Werkzeuge.<\/p>\n<p>Hammer, Schnitzmesser, Feilen, Laubs\u00e4gen, Schraubendreher, Spachtel und Dreikantschaber im Einsatz.<br \/>\nSchuleinsatz.<br \/>\nDer Kunstlehrer gibt die Arbeitsplatten zur Gestaltung frei.<br \/>\nKratzer, Risse, Eindr\u00fccke und Abplatzungen.<br \/>\nSie erz\u00e4hlen vom Unterricht:<br \/>\nVon der Langeweile,<br \/>\nvon der Lust am Hinterlassen eigener Spuren,<br \/>\ndem Spa\u00df an Zerst\u00f6rung.<\/p>\n<p>Und sie schreiben die Geschichten vom Nebenbei:<br \/>\nVom Werkzeug, das immer wieder an der gleichen Stelle abrutscht.<br \/>\nVon der Grafik, wenn sich der Staub in den Ritzen festsetzt.<br \/>\nVon dem Druck, der zu gro\u00df wird f\u00fcr die spr\u00f6de Oberfl\u00e4che.<\/p>\n<p>Alle anderen Geschichten erz\u00e4hlen die kleinen Einheiten<br \/>\nder abgelichteten Kratzer an meinem Arbeitsplatz selbst.<\/p>\n<p>Grapheme (auch: Grafeme) sind die kleinsten aufeinanderfolgenden bedeutungsunterscheidenden Einheiten des Schriftsystems einer bestimmten Sprache. Sie sind abstrakte Abbilder orthographischer und grammatikalischer Konventionen. Zu den Schriftzeichen geh\u00f6ren auch Zeichen zur Strukturierung des Textes, wie zum Beispiel Satzzeichen.<br \/>\n(Wikipedia)<\/p>\n<p>&nbsp;<\/p>\n","protected":false},"excerpt":{"rendered":"<p>&nbsp; Fotografien von meinem Arbeitsplatz: Drei\u00dfig Jahre Werkspuren von Sch\u00fclern auf Kunstarbeitstischen. Versehentliches Abrutschen und Durcharbeiten, absichtliche Materialtests und genussvolles Nachziehen und Vertiefen. Schwungvolles Anecken beim Tischer\u00fccken und oberfl\u00e4chengebremstes Ablegen der Werkzeuge. Hammer, Schnitzmesser, Feilen, Laubs\u00e4gen, Schraubendreher, Spachtel und Dreikantschaber im Einsatz. Schuleinsatz. Der Kunstlehrer gibt die Arbeitsplatten zur Gestaltung frei. Kratzer, Risse, Eindr\u00fccke und [&hellip;]<\/p>\n","protected":false},"author":2,"featured_media":0,"parent":35,"menu_order":1,"comment_status":"closed","ping_status":"closed","template":"","meta":{"ngg_post_thumbnail":0,"footnotes":""},"class_list":["post-53","page","type-page","status-publish","hentry"],"_links":{"self":[{"href":"https:\/\/fotographem.de\/index.php?rest_route=\/wp\/v2\/pages\/53","targetHints":{"allow":["GET"]}}],"collection":[{"href":"https:\/\/fotographem.de\/index.php?rest_route=\/wp\/v2\/pages"}],"about":[{"href":"https:\/\/fotographem.de\/index.php?rest_route=\/wp\/v2\/types\/page"}],"author":[{"embeddable":true,"href":"https:\/\/fotographem.de\/index.php?rest_route=\/wp\/v2\/users\/2"}],"replies":[{"embeddable":true,"href":"https:\/\/fotographem.de\/index.php?rest_route=%2Fwp%2Fv2%2Fcomments&post=53"}],"version-history":[{"count":7,"href":"https:\/\/fotographem.de\/index.php?rest_route=\/wp\/v2\/pages\/53\/revisions"}],"predecessor-version":[{"id":56,"href":"https:\/\/fotographem.de\/index.php?rest_route=\/wp\/v2\/pages\/53\/revisions\/56"}],"up":[{"embeddable":true,"href":"https:\/\/fotographem.de\/index.php?rest_route=\/wp\/v2\/pages\/35"}],"wp:attachment":[{"href":"https:\/\/fotographem.de\/index.php?rest_route=%2Fwp%2Fv2%2Fmedia&parent=53"}],"curies":[{"name":"wp","href":"https:\/\/api.w.org\/{rel}","templated":true}]}}