{"id":37,"date":"2008-06-16T10:54:51","date_gmt":"2008-06-16T08:54:51","guid":{"rendered":"http:\/\/fotographem.de\/?page_id=37"},"modified":"2023-07-10T18:51:46","modified_gmt":"2023-07-10T16:51:46","slug":"achtung-welle","status":"publish","type":"page","link":"https:\/\/fotographem.de\/?page_id=37","title":{"rendered":"Achtung Welle"},"content":{"rendered":"<p>\u201eAchtung Welle\u201c war die Lautsprecherdurchsage, bevor die Wellenmaschine das Freibad Hohwacht in ein Wellenbad verwandelte.<\/p>\n<p style=\"text-align: center;\">ngg_shortcode_0_placeholder<\/p>\n<p>Ausstellung in den Schauk\u00e4sten der Uferpromenade<\/p>\n<p style=\"text-align: center;\">ngg_shortcode_1_placeholder<\/p>\n<p style=\"text-align: left;\">\u00d6ffentliche Kunstf\u00fchrung im Schwimmbad<\/p>\n","protected":false},"excerpt":{"rendered":"<p>\u201eAchtung Welle\u201c war die Lautsprecherdurchsage, bevor die Wellenmaschine das Freibad Hohwacht in ein Wellenbad verwandelte. Ausstellung in den Schauk\u00e4sten der Uferpromenade \u00d6ffentliche Kunstf\u00fchrung im Schwimmbad<\/p>\n","protected":false},"author":2,"featured_media":0,"parent":35,"menu_order":99,"comment_status":"closed","ping_status":"closed","template":"","meta":{"ngg_post_thumbnail":0,"footnotes":""},"class_list":["post-37","page","type-page","status-publish","hentry"],"_links":{"self":[{"href":"https:\/\/fotographem.de\/index.php?rest_route=\/wp\/v2\/pages\/37","targetHints":{"allow":["GET"]}}],"collection":[{"href":"https:\/\/fotographem.de\/index.php?rest_route=\/wp\/v2\/pages"}],"about":[{"href":"https:\/\/fotographem.de\/index.php?rest_route=\/wp\/v2\/types\/page"}],"author":[{"embeddable":true,"href":"https:\/\/fotographem.de\/index.php?rest_route=\/wp\/v2\/users\/2"}],"replies":[{"embeddable":true,"href":"https:\/\/fotographem.de\/index.php?rest_route=%2Fwp%2Fv2%2Fcomments&post=37"}],"version-history":[{"count":13,"href":"https:\/\/fotographem.de\/index.php?rest_route=\/wp\/v2\/pages\/37\/revisions"}],"predecessor-version":[{"id":249,"href":"https:\/\/fotographem.de\/index.php?rest_route=\/wp\/v2\/pages\/37\/revisions\/249"}],"up":[{"embeddable":true,"href":"https:\/\/fotographem.de\/index.php?rest_route=\/wp\/v2\/pages\/35"}],"wp:attachment":[{"href":"https:\/\/fotographem.de\/index.php?rest_route=%2Fwp%2Fv2%2Fmedia&parent=37"}],"curies":[{"name":"wp","href":"https:\/\/api.w.org\/{rel}","templated":true}]}}